{"id":17,"date":"2018-01-19T16:37:57","date_gmt":"2018-01-19T18:37:57","guid":{"rendered":"http:\/\/www.autoescolalira.com.br\/site\/?page_id=17"},"modified":"2024-12-06T15:05:36","modified_gmt":"2024-12-06T17:05:36","slug":"quem-somos","status":"publish","type":"page","link":"https:\/\/www.autoescolalira.com.br\/site\/sobre\/quem-somos\/","title":{"rendered":"A Empresa"},"content":{"rendered":"<p>O Centro de Forma\u00e7\u00e3o de Condutores(Auto Moto Escola Lira) atua no mercado desde 1998, buscando sempre o melhor aprendizado de nossos alunos.<br \/>\nSeu fundador propriet\u00e1rio e diretor geral Hiryan Mezzalira Teixeira, atuando desde 1986, com larga experi\u00eancia no ramo, al\u00e9m de profundo conhecedor e<br \/>\nformador de condutores,\u00a0 foi um dos pioneiros em S\u00e3o Paulo no trabalho com deficientes f\u00edsicos,\u00a0 prestando servi\u00e7o exclusivo at\u00e9 1993 para internos da<br \/>\nAACD,\u00a0 formando e transformando habilita\u00e7\u00f5es em especiais. Atrav\u00e9s dessas experiencias pode sentir as dificuldades vividas pelos deficientes devido a<br \/>\nservi\u00e7os mal prestados e valores abusivos oferecidos por outras auto escolas.<\/p>\n<p>Decidiu assim, introduzir o melhor custo beneficio a seus clientes com um servi\u00e7o r\u00e1pido e eficaz, sempre priorizando o respeito e a dedica\u00e7\u00e3o ao aluno.<\/p>\n<p>Com mais de 5.500 habilitados, a auto escola Lira cresce cada dia mais no mercado, conquistando a satisfa\u00e7\u00e3o e a amizade de nossos clientes, sendo<br \/>\nestes nossos maiores divulgadores.<\/p>\n\n\t\t<div id='gallery-1' class='gallery galleryid-17 gallery-columns-6 gallery-size-thumbnail gallery1'><script type=\"text\/javascript\">\r\n\/\/ <![CDATA[\r\n\tjQuery(document).ready(function () {\r\n\t\tjQuery(\".gallery1 a\").attr(\"rel\",\"gallery1\");\t\r\n\t\tjQuery('a[rel=\"gallery1\"]').colorbox({maxWidth:\"95%\", maxHeight:\"95%\",title: function(){ return jQuery(this).children().attr(\"alt\"); }, });\r\n\t});\r\n\/\/ ]]>\r\n<\/script>\n<figure class=\"gallery-item\">\n<div class=\"gallery-icon\">\r\n<a href=\"https:\/\/www.autoescolalira.com.br\/site\/wp-content\/uploads\/2021\/10\/2d2f4fef-dc86-42fc-84bf-f12831742677.jpg\" title=\"\" rel=\"gallery1\"><img src=\"https:\/\/www.autoescolalira.com.br\/site\/wp-content\/uploads\/2021\/10\/2d2f4fef-dc86-42fc-84bf-f12831742677-150x150.jpg\" width=\"150\" height=\"150\" alt=\"\" \/><\/a>\r\n<\/div><\/figure><figure class=\"gallery-item\">\n<div class=\"gallery-icon\">\r\n<a href=\"https:\/\/www.autoescolalira.com.br\/site\/wp-content\/uploads\/2021\/10\/05c607b1-a2a9-4b65-aa9f-b6a99a502e08.jpg\" title=\"\" rel=\"gallery1\"><img src=\"https:\/\/www.autoescolalira.com.br\/site\/wp-content\/uploads\/2021\/10\/05c607b1-a2a9-4b65-aa9f-b6a99a502e08-150x150.jpg\" width=\"150\" height=\"150\" alt=\"\" \/><\/a>\r\n<\/div><\/figure><figure class=\"gallery-item\">\n<div class=\"gallery-icon\">\r\n<a href=\"https:\/\/www.autoescolalira.com.br\/site\/wp-content\/uploads\/2021\/10\/7f59f82a-1197-4930-b480-965271e9e529.jpg\" title=\"\" rel=\"gallery1\"><img src=\"https:\/\/www.autoescolalira.com.br\/site\/wp-content\/uploads\/2021\/10\/7f59f82a-1197-4930-b480-965271e9e529-150x150.jpg\" width=\"150\" height=\"150\" alt=\"\" \/><\/a>\r\n<\/div><\/figure><figure class=\"gallery-item\">\n<div class=\"gallery-icon\">\r\n<a href=\"https:\/\/www.autoescolalira.com.br\/site\/wp-content\/uploads\/2021\/10\/8fd0747e-3172-4ba4-9973-8cca9ec69bef.jpg\" title=\"\" rel=\"gallery1\"><img src=\"https:\/\/www.autoescolalira.com.br\/site\/wp-content\/uploads\/2021\/10\/8fd0747e-3172-4ba4-9973-8cca9ec69bef-150x150.jpg\" width=\"150\" height=\"150\" alt=\"\" \/><\/a>\r\n<\/div><\/figure><figure class=\"gallery-item\">\n<div class=\"gallery-icon\">\r\n<a href=\"https:\/\/www.autoescolalira.com.br\/site\/wp-content\/uploads\/2021\/10\/9da5e172-7207-471c-a150-1b9b3c45072b.jpg\" title=\"\" rel=\"gallery1\"><img src=\"https:\/\/www.autoescolalira.com.br\/site\/wp-content\/uploads\/2021\/10\/9da5e172-7207-471c-a150-1b9b3c45072b-150x150.jpg\" width=\"150\" height=\"150\" alt=\"\" \/><\/a>\r\n<\/div><\/figure><figure class=\"gallery-item\">\n<div class=\"gallery-icon\">\r\n<a href=\"https:\/\/www.autoescolalira.com.br\/site\/wp-content\/uploads\/2021\/10\/48e6d303-2625-4ea9-a2ac-c8f4ed662727.jpg\" title=\"\" rel=\"gallery1\"><img src=\"https:\/\/www.autoescolalira.com.br\/site\/wp-content\/uploads\/2021\/10\/48e6d303-2625-4ea9-a2ac-c8f4ed662727-150x150.jpg\" width=\"150\" height=\"150\" alt=\"\" \/><\/a>\r\n<\/div><\/figure><figure class=\"gallery-item\">\n<div class=\"gallery-icon\">\r\n<a href=\"https:\/\/www.autoescolalira.com.br\/site\/wp-content\/uploads\/2021\/10\/79c582ce-4d95-4940-8bb4-be6a370e1e8c.jpg\" title=\"\" rel=\"gallery1\"><img src=\"https:\/\/www.autoescolalira.com.br\/site\/wp-content\/uploads\/2021\/10\/79c582ce-4d95-4940-8bb4-be6a370e1e8c-150x150.jpg\" width=\"150\" height=\"150\" alt=\"\" \/><\/a>\r\n<\/div><\/figure><figure class=\"gallery-item\">\n<div class=\"gallery-icon\">\r\n<a href=\"https:\/\/www.autoescolalira.com.br\/site\/wp-content\/uploads\/2021\/10\/16364b8f-b7e8-435a-ba90-f6fb9311771c.jpg\" title=\"\" rel=\"gallery1\"><img src=\"https:\/\/www.autoescolalira.com.br\/site\/wp-content\/uploads\/2021\/10\/16364b8f-b7e8-435a-ba90-f6fb9311771c-150x150.jpg\" width=\"150\" height=\"150\" alt=\"\" \/><\/a>\r\n<\/div><\/figure><figure class=\"gallery-item\">\n<div class=\"gallery-icon\">\r\n<a href=\"https:\/\/www.autoescolalira.com.br\/site\/wp-content\/uploads\/2021\/10\/77960fe0-ae32-4b99-afdb-74dda0015d09.jpg\" title=\"\" rel=\"gallery1\"><img src=\"https:\/\/www.autoescolalira.com.br\/site\/wp-content\/uploads\/2021\/10\/77960fe0-ae32-4b99-afdb-74dda0015d09-150x150.jpg\" width=\"150\" height=\"150\" alt=\"\" \/><\/a>\r\n<\/div><\/figure><figure class=\"gallery-item\">\n<div class=\"gallery-icon\">\r\n<a href=\"https:\/\/www.autoescolalira.com.br\/site\/wp-content\/uploads\/2021\/10\/79551c23-9715-4cd6-b0df-14ffaf50cf86.jpg\" title=\"\" rel=\"gallery1\"><img src=\"https:\/\/www.autoescolalira.com.br\/site\/wp-content\/uploads\/2021\/10\/79551c23-9715-4cd6-b0df-14ffaf50cf86-150x150.jpg\" width=\"150\" height=\"150\" alt=\"\" \/><\/a>\r\n<\/div><\/figure><figure class=\"gallery-item\">\n<div class=\"gallery-icon\">\r\n<a href=\"https:\/\/www.autoescolalira.com.br\/site\/wp-content\/uploads\/2021\/10\/a8cd80e3-039a-4f78-8ec7-5ef5aa144de4.jpg\" title=\"\" rel=\"gallery1\"><img src=\"https:\/\/www.autoescolalira.com.br\/site\/wp-content\/uploads\/2021\/10\/a8cd80e3-039a-4f78-8ec7-5ef5aa144de4-150x150.jpg\" width=\"150\" height=\"150\" alt=\"\" \/><\/a>\r\n<\/div><\/figure><figure class=\"gallery-item\">\n<div class=\"gallery-icon\">\r\n<a href=\"https:\/\/www.autoescolalira.com.br\/site\/wp-content\/uploads\/2021\/10\/c0e06601-6559-4427-ba1f-5c1d5ae37970.jpg\" title=\"\" rel=\"gallery1\"><img src=\"https:\/\/www.autoescolalira.com.br\/site\/wp-content\/uploads\/2021\/10\/c0e06601-6559-4427-ba1f-5c1d5ae37970-150x150.jpg\" width=\"150\" height=\"150\" alt=\"\" \/><\/a>\r\n<\/div><\/figure>\r\n\t\t<\/div>\n\n<p>&nbsp;<\/p>\n<h2 class=\"destaqueTitulo\">Miss\u00e3o<\/h2>\n<p>A auto escola Lira teve sempre muito bem definida a sua Miss\u00e3o diante de seus clientes. Al\u00e9m da satisfa\u00e7\u00e3o pelo trabalho oferecido, tamb\u00e9m a forma\u00e7\u00e3o de condutores conscientes e totalmente preparados para a vida no tr\u00e2nsito e suas responsabilidades. Atrav\u00e9s de instrutores credenciados, capacitados pelo Detran, ve\u00edculos novos e um sistema totalmente integrado, oferecendo seguran\u00e7a e seriedade no servi\u00e7o prestado aos nossos clientes.<\/p>\n<h2 class=\"destaqueTitulo\">Vis\u00e3o<\/h2>\n<p>Oferecer o que h\u00e1 de melhor no mercado: Qualidade e pre\u00e7o. Manter sempre o compromisso atrav\u00e9s de um trabalho s\u00e9rio, voltado exclusivamente ao cliente.<\/p>\n<h2 class=\"destaqueTitulo\">Valores<\/h2>\n<ul class=\"listas\">\n<li>Trabalho em Equipe<\/li>\n<li>Proatividade<\/li>\n<li>Equipamentos novos e adaptados<\/li>\n<li>Qualidade<\/li>\n<li>Felicidade<\/li>\n<li>Pre\u00e7os acess\u00edveis<\/li>\n<li>\u00c9tica e respeito<\/li>\n<\/ul>\n<div style=\"clear: both;\"><\/div>\n<p>&nbsp;<\/p>\n<ul class=\"videosPagina\">\n<li>\n<h2 class=\"destaqueTitulo\">AUTO ESCOLA LIRA, EMPRES\u00c1RIOS DE SUCESSO<\/h2>\n<p><iframe loading=\"lazy\" src=\"https:\/\/www.youtube.com\/embed\/fi3w0PeMKmQ\" width=\"100%\" height=\"315\" frameborder=\"0\" allowfullscreen=\"allowfullscreen\"><\/iframe><\/li>\n<li>\n<h2 class=\"destaqueTitulo\">AUTO ESCOLA LIRA, VENDO NA TV<\/h2>\n<p><iframe loading=\"lazy\" src=\"https:\/\/www.youtube.com\/embed\/jr5LZMhnbFM\" width=\"100%\" height=\"315\" frameborder=\"0\" allowfullscreen=\"allowfullscreen\"><\/iframe><\/li>\n<\/ul>\n<div style=\"clear: both;\"><\/div>\n<section id=\"ht-service-post-section\" class=\"ht-section\">\n<div class=\"ht-service-left-bg\"><\/div>\n<div class=\"ht-container\">\n<div class=\"ht-service-posts ht-clearfix\">\n<div class=\"ht-section-title-tagline\">\n<h2 class=\"ht-section-title\">Principais Servi\u00e7os<\/h2>\n<\/div>\n<div class=\"ht-service-post-wrap\">\n<div class=\"ht-service-post ht-clearfix\">\n<div class=\"ht-service-icon\"><\/div>\n<div class=\"ht-service-excerpt\">\n<h5>Adi\u00e7\u00e3o de Categoria<\/h5>\n<div class=\"ht-service-text\">\n<p>A adi\u00e7\u00e3o de categoria pode ser uma interessante op\u00e7\u00e3o para alavancar at\u00e9 mesmo o curr\u00edculo.<br \/>\nVoc\u00ea p<\/p>\n<p><a href=\"http:\/\/www.autoescolalira.com.br\/site\/servicos\/adicao-de-categoria\/\">Leia mais <i class=\"fa fa-angle-right\" aria-hidden=\"true\"><\/i><\/a><\/p>\n<\/div>\n<\/div>\n<\/div>\n<div class=\"ht-service-post ht-clearfix\">\n<div class=\"ht-service-icon\"><\/div>\n<div class=\"ht-service-excerpt\">\n<h5>Aulas Particulares<\/h5>\n<div class=\"ht-service-text\">\n<p>Oferecemos aulas para perder seu medo. A pr\u00e1tica, ou melhor, a falta dela faz com que muitos rec\u00e9m h<\/p>\n<p><a href=\"http:\/\/www.autoescolalira.com.br\/site\/servicos\/aulas-particulares\/\">Leia mais <i class=\"fa fa-angle-right\" aria-hidden=\"true\"><\/i><\/a><\/p>\n<\/div>\n<\/div>\n<\/div>\n<div class=\"ht-service-post ht-clearfix\">\n<div class=\"ht-service-icon\"><\/div>\n<div class=\"ht-service-excerpt\">\n<h5>CNH Especial Primeira Habilita\u00e7\u00e3o<\/h5>\n<div class=\"ht-service-text\" style=\"display: none;\">\n<p>Saiba aqui como tirar sua CNH Especial. Quais s\u00e3o os procedimentos e prazos para obten\u00e7\u00e3o ou modific<\/p>\n<p><a href=\"http:\/\/www.autoescolalira.com.br\/site\/servicos\/cnh-especial\/\">Leia mais <i class=\"fa fa-angle-right\" aria-hidden=\"true\"><\/i><\/a><\/p>\n<\/div>\n<\/div>\n<\/div>\n<div class=\"ht-service-post ht-clearfix\">\n<div class=\"ht-service-icon\"><\/div>\n<div class=\"ht-service-excerpt\">\n<h5>Mudan\u00e7a de Categoria PCD<\/h5>\n<div class=\"ht-service-text\" style=\"display: none;\">\n<p>Para fazer a mudan\u00e7a de categoria, o condutor precisa estar com a carteira de motorista em situa\u00e7\u00e3o<\/p>\n<p><a href=\"http:\/\/www.autoescolalira.com.br\/site\/servicos\/mudanca-de-categoria\/\">Leia mais <i class=\"fa fa-angle-right\" aria-hidden=\"true\"><\/i><\/a><\/p>\n<\/div>\n<\/div>\n<\/div>\n<div class=\"ht-service-post ht-clearfix\">\n<div class=\"ht-service-icon\"><\/div>\n<div class=\"ht-service-excerpt\">\n<h5>Primeira Habilita\u00e7\u00e3o<\/h5>\n<div class=\"ht-service-text\">\n<p>Tirar a primeira habilita\u00e7\u00e3o n\u00e3o \u00e9 um bicho de sete cabe\u00e7as, mas algumas dicas e orienta\u00e7\u00f5es sempre<\/p>\n<p><a href=\"http:\/\/www.autoescolalira.com.br\/site\/servicos\/primeira-habilitacao\/\">Leia mais <i class=\"fa fa-angle-right\" aria-hidden=\"true\"><\/i><\/a><\/p>\n<\/div>\n<\/div>\n<\/div>\n<div class=\"ht-service-post ht-clearfix\">\n<div class=\"ht-service-icon\"><\/div>\n<div class=\"ht-service-excerpt\">\n<h5>Simulador<\/h5>\n<div class=\"ht-service-text\">\n<p>Para alunos de outra auto escola<\/p>\n<p>Incluso:<\/p>\n<p>Aulas imediatas com dura\u00e7\u00e3o de 30 minutos cada.<\/p>\n<p>&nbsp;<\/p>\n<p><a href=\"http:\/\/www.autoescolalira.com.br\/site\/servicos\/simulador\/\">Leia mais <i class=\"fa fa-angle-right\" aria-hidden=\"true\"><\/i><\/a><\/p>\n<\/div>\n<\/div>\n<\/div>\n<\/div>\n<\/div>\n<\/div>\n<\/section>\n","protected":false},"excerpt":{"rendered":"<p>O Centro de Forma\u00e7\u00e3o de Condutores(Auto Moto Escola Lira) atua no mercado desde 1998, buscando sempre o melhor aprendizado de nossos alunos. Seu fundador propriet\u00e1rio e diretor geral Hiryan Mezzalira Teixeira, atuando desde 1986, com larga experi\u00eancia no ramo, al\u00e9m de profundo conhecedor e formador de condutores,\u00a0 foi um dos pioneiros em S\u00e3o Paulo no [&hellip;]<\/p>\n","protected":false},"author":1,"featured_media":1108,"parent":50,"menu_order":0,"comment_status":"closed","ping_status":"closed","template":"","meta":{"_links_to":"","_links_to_target":""},"_links":{"self":[{"href":"https:\/\/www.autoescolalira.com.br\/site\/wp-json\/wp\/v2\/pages\/17"}],"collection":[{"href":"https:\/\/www.autoescolalira.com.br\/site\/wp-json\/wp\/v2\/pages"}],"about":[{"href":"https:\/\/www.autoescolalira.com.br\/site\/wp-json\/wp\/v2\/types\/page"}],"author":[{"embeddable":true,"href":"https:\/\/www.autoescolalira.com.br\/site\/wp-json\/wp\/v2\/users\/1"}],"replies":[{"embeddable":true,"href":"https:\/\/www.autoescolalira.com.br\/site\/wp-json\/wp\/v2\/comments?post=17"}],"version-history":[{"count":50,"href":"https:\/\/www.autoescolalira.com.br\/site\/wp-json\/wp\/v2\/pages\/17\/revisions"}],"predecessor-version":[{"id":1109,"href":"https:\/\/www.autoescolalira.com.br\/site\/wp-json\/wp\/v2\/pages\/17\/revisions\/1109"}],"up":[{"embeddable":true,"href":"https:\/\/www.autoescolalira.com.br\/site\/wp-json\/wp\/v2\/pages\/50"}],"wp:featuredmedia":[{"embeddable":true,"href":"https:\/\/www.autoescolalira.com.br\/site\/wp-json\/wp\/v2\/media\/1108"}],"wp:attachment":[{"href":"https:\/\/www.autoescolalira.com.br\/site\/wp-json\/wp\/v2\/media?parent=17"}],"curies":[{"name":"wp","href":"https:\/\/api.w.org\/{rel}","templated":true}]}}