{"id":46,"date":"2018-01-22T16:07:54","date_gmt":"2018-01-22T18:07:54","guid":{"rendered":"http:\/\/www.autoescolalira.com.br\/site\/?page_id=46"},"modified":"2026-03-16T10:23:25","modified_gmt":"2026-03-16T13:23:25","slug":"frota","status":"publish","type":"page","link":"https:\/\/www.autoescolalira.com.br\/site\/sobre\/frota\/","title":{"rendered":"Frota"},"content":{"rendered":"<h2 align=\"center\">Todos nossos carros s\u00e3o novos e modernos e equipados com ar condicionado e dire\u00e7\u00e3o hidr\u00e1ulica. Temos ve\u00edculos de categorias profissionais e motos Suzuki.<\/h2>\n<div style=\"clear: both;\"><\/div>\n<h4 align=\"center\">Nissan Versa<\/h4>\n\n\t\t<div id='gallery-1' class='gallery galleryid-46 gallery-columns-3 gallery-size-thumbnail gallery1'><script type=\"text\/javascript\">\r\n\/\/ <![CDATA[\r\n\tjQuery(document).ready(function () {\r\n\t\tjQuery(\".gallery1 a\").attr(\"rel\",\"gallery1\");\t\r\n\t\tjQuery('a[rel=\"gallery1\"]').colorbox({maxWidth:\"95%\", maxHeight:\"95%\",title: function(){ return jQuery(this).children().attr(\"alt\"); }, });\r\n\t});\r\n\/\/ ]]>\r\n<\/script>\n<figure class=\"gallery-item\">\n<div class=\"gallery-icon\">\r\n<a href=\"https:\/\/www.autoescolalira.com.br\/site\/wp-content\/uploads\/2018\/01\/NissanVersa-frente2.jpeg\" title=\"Nissan Versa Frente\" rel=\"gallery1\"><img src=\"https:\/\/www.autoescolalira.com.br\/site\/wp-content\/uploads\/2018\/01\/NissanVersa-frente2-150x150.jpeg\" width=\"150\" height=\"150\" alt=\"Nissan Versa Frente\" \/><\/a>\r\n<\/div><figcaption class=\"gallery-caption\" id=\"caption414\"><span class=\"imagecaption\">Nissan Versa Frente<\/span><br \/>\n<\/figcaption><\/figure><figure class=\"gallery-item\">\n<div class=\"gallery-icon\">\r\n<a href=\"https:\/\/www.autoescolalira.com.br\/site\/wp-content\/uploads\/2018\/01\/NissanVersa-lado.jpeg\" title=\"Nissan Versa Lado\" rel=\"gallery1\"><img src=\"https:\/\/www.autoescolalira.com.br\/site\/wp-content\/uploads\/2018\/01\/NissanVersa-lado-150x150.jpeg\" width=\"150\" height=\"150\" alt=\"Nissan Versa Lado\" \/><\/a>\r\n<\/div><figcaption class=\"gallery-caption\" id=\"caption415\"><span class=\"imagecaption\">Nissan Versa Lado<\/span><br \/>\n<\/figcaption><\/figure><figure class=\"gallery-item\">\n<div class=\"gallery-icon\">\r\n<a href=\"https:\/\/www.autoescolalira.com.br\/site\/wp-content\/uploads\/2018\/01\/NissanVersa-costas.jpeg\" title=\"Nissan Versa Traseira\" rel=\"gallery1\"><img src=\"https:\/\/www.autoescolalira.com.br\/site\/wp-content\/uploads\/2018\/01\/NissanVersa-costas-150x150.jpeg\" width=\"150\" height=\"150\" alt=\"Nissan Versa Traseira\" \/><\/a>\r\n<\/div><figcaption class=\"gallery-caption\" id=\"caption411\"><span class=\"imagecaption\">Nissan Versa Traseira<\/span><br \/>\n<\/figcaption><\/figure><figure class=\"gallery-item\">\n<div class=\"gallery-icon\">\r\n<a href=\"https:\/\/www.autoescolalira.com.br\/site\/wp-content\/uploads\/2018\/01\/NissanVersa-cambio-manual.jpeg\" title=\"Nissan Versa com cambio adaptado\" rel=\"gallery1\"><img src=\"https:\/\/www.autoescolalira.com.br\/site\/wp-content\/uploads\/2018\/01\/NissanVersa-cambio-manual-150x150.jpeg\" width=\"150\" height=\"150\" alt=\"Nissan Versa com cambio adaptado\" \/><\/a>\r\n<\/div><figcaption class=\"gallery-caption\" id=\"caption410\"><span class=\"imagecaption\">Nissan Versa com cambio adaptado<\/span><br \/>\n<\/figcaption><\/figure><figure class=\"gallery-item\">\n<div class=\"gallery-icon\">\r\n<a href=\"https:\/\/www.autoescolalira.com.br\/site\/wp-content\/uploads\/2018\/01\/NissanVersa-dentro.jpeg\" title=\"Nissan Versa\" rel=\"gallery1\"><img src=\"https:\/\/www.autoescolalira.com.br\/site\/wp-content\/uploads\/2018\/01\/NissanVersa-dentro-150x150.jpeg\" width=\"150\" height=\"150\" alt=\"Nissan Versa\" \/><\/a>\r\n<\/div><figcaption class=\"gallery-caption\" id=\"caption412\"><span class=\"imagecaption\">Nissan Versa<\/span><br \/>\n<\/figcaption><\/figure>\r\n\t\t<\/div>\n\n<div style=\"clear: both;\"><\/div>\n<h4 align=\"center\">Moto Honda Elite 125cc &#8211; Ano 2025\/25<\/h4>\n\n\t\t<div id='gallery-2' class='gallery galleryid-46 gallery-columns-3 gallery-size-thumbnail gallery1'><script type=\"text\/javascript\">\r\n\/\/ <![CDATA[\r\n\tjQuery(document).ready(function () {\r\n\t\tjQuery(\".gallery1 a\").attr(\"rel\",\"gallery1\");\t\r\n\t\tjQuery('a[rel=\"gallery1\"]').colorbox({maxWidth:\"95%\", maxHeight:\"95%\",title: function(){ return jQuery(this).children().attr(\"alt\"); }, });\r\n\t});\r\n\/\/ ]]>\r\n<\/script>\n<figure class=\"gallery-item\">\n<div class=\"gallery-icon\">\r\n<a href=\"https:\/\/www.autoescolalira.com.br\/site\/wp-content\/uploads\/2025\/02\/9fa33e51-9889-4f53-8d02-cf90603031d9.jpg\" title=\"\" rel=\"gallery1\"><img src=\"https:\/\/www.autoescolalira.com.br\/site\/wp-content\/uploads\/2025\/02\/9fa33e51-9889-4f53-8d02-cf90603031d9-150x150.jpg\" width=\"150\" height=\"150\" alt=\"\" \/><\/a>\r\n<\/div><\/figure><figure class=\"gallery-item\">\n<div class=\"gallery-icon\">\r\n<a href=\"https:\/\/www.autoescolalira.com.br\/site\/wp-content\/uploads\/2025\/02\/91d447cc-4c83-4e45-8a9c-0e3f32998953.jpg\" title=\"\" rel=\"gallery1\"><img src=\"https:\/\/www.autoescolalira.com.br\/site\/wp-content\/uploads\/2025\/02\/91d447cc-4c83-4e45-8a9c-0e3f32998953-150x150.jpg\" width=\"150\" height=\"150\" alt=\"\" \/><\/a>\r\n<\/div><\/figure><figure class=\"gallery-item\">\n<div class=\"gallery-icon\">\r\n<a href=\"https:\/\/www.autoescolalira.com.br\/site\/wp-content\/uploads\/2025\/02\/79527eea-7dde-4b51-b546-2253bd855539.jpg\" title=\"\" rel=\"gallery1\"><img src=\"https:\/\/www.autoescolalira.com.br\/site\/wp-content\/uploads\/2025\/02\/79527eea-7dde-4b51-b546-2253bd855539-150x150.jpg\" width=\"150\" height=\"150\" alt=\"\" \/><\/a>\r\n<\/div><\/figure>\r\n\t\t<\/div>\n\n<div style=\"clear: both;\"><\/div>\n<h2 class=\"destaqueTitulo\">Categoria B<\/h2>\n<h4 align=\"center\">Renault \/ Kwid Zen MT<\/h4>\n\n\t\t<div id='gallery-3' class='gallery galleryid-46 gallery-columns-3 gallery-size-thumbnail gallery1'><script type=\"text\/javascript\">\r\n\/\/ <![CDATA[\r\n\tjQuery(document).ready(function () {\r\n\t\tjQuery(\".gallery1 a\").attr(\"rel\",\"gallery1\");\t\r\n\t\tjQuery('a[rel=\"gallery1\"]').colorbox({maxWidth:\"95%\", maxHeight:\"95%\",title: function(){ return jQuery(this).children().attr(\"alt\"); }, });\r\n\t});\r\n\/\/ ]]>\r\n<\/script>\n<figure class=\"gallery-item\">\n<div class=\"gallery-icon\">\r\n<a href=\"https:\/\/www.autoescolalira.com.br\/site\/wp-content\/uploads\/2022\/12\/a954a7d7-7748-44e2-aed7-80ddb824898a-e1670346953466.jpg\" title=\"\" rel=\"gallery1\"><img src=\"https:\/\/www.autoescolalira.com.br\/site\/wp-content\/uploads\/2022\/12\/a954a7d7-7748-44e2-aed7-80ddb824898a-e1670346953466-150x150.jpg\" width=\"150\" height=\"150\" alt=\"\" \/><\/a>\r\n<\/div><\/figure><figure class=\"gallery-item\">\n<div class=\"gallery-icon\">\r\n<a href=\"https:\/\/www.autoescolalira.com.br\/site\/wp-content\/uploads\/2022\/12\/6b3f23a6-e4e5-4259-8ade-5e631a2ae457.jpg\" title=\"\" rel=\"gallery1\"><img src=\"https:\/\/www.autoescolalira.com.br\/site\/wp-content\/uploads\/2022\/12\/6b3f23a6-e4e5-4259-8ade-5e631a2ae457-150x150.jpg\" width=\"150\" height=\"150\" alt=\"\" \/><\/a>\r\n<\/div><\/figure><figure class=\"gallery-item\">\n<div class=\"gallery-icon\">\r\n<a href=\"https:\/\/www.autoescolalira.com.br\/site\/wp-content\/uploads\/2022\/12\/59bcad1f-7e1a-46b6-8353-2e326b33639b.jpg\" title=\"\" rel=\"gallery1\"><img src=\"https:\/\/www.autoescolalira.com.br\/site\/wp-content\/uploads\/2022\/12\/59bcad1f-7e1a-46b6-8353-2e326b33639b-150x150.jpg\" width=\"150\" height=\"150\" alt=\"\" \/><\/a>\r\n<\/div><\/figure>\r\n\t\t<\/div>\n\n<div style=\"clear: both;\"><\/div>\n<h4 align=\"center\">Gol<\/h4>\n\n\t\t<div id='gallery-4' class='gallery galleryid-46 gallery-columns-3 gallery-size-thumbnail gallery1'><script type=\"text\/javascript\">\r\n\/\/ <![CDATA[\r\n\tjQuery(document).ready(function () {\r\n\t\tjQuery(\".gallery1 a\").attr(\"rel\",\"gallery1\");\t\r\n\t\tjQuery('a[rel=\"gallery1\"]').colorbox({maxWidth:\"95%\", maxHeight:\"95%\",title: function(){ return jQuery(this).children().attr(\"alt\"); }, });\r\n\t});\r\n\/\/ ]]>\r\n<\/script>\n<figure class=\"gallery-item\">\n<div class=\"gallery-icon\">\r\n<a href=\"https:\/\/www.autoescolalira.com.br\/site\/wp-content\/uploads\/2021\/10\/1c806191-9bef-435b-9593-d88f71f0091b.jpg\" title=\"\" rel=\"gallery1\"><img src=\"https:\/\/www.autoescolalira.com.br\/site\/wp-content\/uploads\/2021\/10\/1c806191-9bef-435b-9593-d88f71f0091b-150x150.jpg\" width=\"150\" height=\"150\" alt=\"\" \/><\/a>\r\n<\/div><\/figure><figure class=\"gallery-item\">\n<div class=\"gallery-icon\">\r\n<a href=\"https:\/\/www.autoescolalira.com.br\/site\/wp-content\/uploads\/2021\/10\/5b9b3b7f-5456-42bc-9c57-178ad7ec73e7.jpg\" title=\"\" rel=\"gallery1\"><img src=\"https:\/\/www.autoescolalira.com.br\/site\/wp-content\/uploads\/2021\/10\/5b9b3b7f-5456-42bc-9c57-178ad7ec73e7-150x150.jpg\" width=\"150\" height=\"150\" alt=\"\" \/><\/a>\r\n<\/div><\/figure><figure class=\"gallery-item\">\n<div class=\"gallery-icon\">\r\n<a href=\"https:\/\/www.autoescolalira.com.br\/site\/wp-content\/uploads\/2021\/10\/30a7a51e-7b24-4e8d-905b-d812e4dfe132.jpg\" title=\"\" rel=\"gallery1\"><img src=\"https:\/\/www.autoescolalira.com.br\/site\/wp-content\/uploads\/2021\/10\/30a7a51e-7b24-4e8d-905b-d812e4dfe132-150x150.jpg\" width=\"150\" height=\"150\" alt=\"\" \/><\/a>\r\n<\/div><\/figure><figure class=\"gallery-item\">\n<div class=\"gallery-icon\">\r\n<a href=\"https:\/\/www.autoescolalira.com.br\/site\/wp-content\/uploads\/2021\/10\/b82d44fe-98bc-4739-8c8e-83a945f3e1f5.jpg\" title=\"\" rel=\"gallery1\"><img src=\"https:\/\/www.autoescolalira.com.br\/site\/wp-content\/uploads\/2021\/10\/b82d44fe-98bc-4739-8c8e-83a945f3e1f5-150x150.jpg\" width=\"150\" height=\"150\" alt=\"\" \/><\/a>\r\n<\/div><\/figure>\r\n\t\t<\/div>\n\n<div style=\"clear: both;\"><\/div>\n<h2 class=\"destaqueTitulo\">Categoria A<\/h2>\n<h4 align=\"center\">Honda\/CG 160 Start<\/h4>\n\n\t\t<div id='gallery-5' class='gallery galleryid-46 gallery-columns-3 gallery-size-thumbnail gallery1'><script type=\"text\/javascript\">\r\n\/\/ <![CDATA[\r\n\tjQuery(document).ready(function () {\r\n\t\tjQuery(\".gallery1 a\").attr(\"rel\",\"gallery1\");\t\r\n\t\tjQuery('a[rel=\"gallery1\"]').colorbox({maxWidth:\"95%\", maxHeight:\"95%\",title: function(){ return jQuery(this).children().attr(\"alt\"); }, });\r\n\t});\r\n\/\/ ]]>\r\n<\/script>\n<figure class=\"gallery-item\">\n<div class=\"gallery-icon\">\r\n<a href=\"https:\/\/www.autoescolalira.com.br\/site\/wp-content\/uploads\/2024\/11\/198c8e47-98ae-4154-b85e-1fd018acae78.jpg\" title=\"\" rel=\"gallery1\"><img src=\"https:\/\/www.autoescolalira.com.br\/site\/wp-content\/uploads\/2024\/11\/198c8e47-98ae-4154-b85e-1fd018acae78-150x150.jpg\" width=\"150\" height=\"150\" alt=\"\" \/><\/a>\r\n<\/div><\/figure><figure class=\"gallery-item\">\n<div class=\"gallery-icon\">\r\n<a href=\"https:\/\/www.autoescolalira.com.br\/site\/wp-content\/uploads\/2024\/11\/df2db4f9-d2e0-4479-8ff7-b3226a5848a1.jpg\" title=\"\" rel=\"gallery1\"><img src=\"https:\/\/www.autoescolalira.com.br\/site\/wp-content\/uploads\/2024\/11\/df2db4f9-d2e0-4479-8ff7-b3226a5848a1-150x150.jpg\" width=\"150\" height=\"150\" alt=\"\" \/><\/a>\r\n<\/div><\/figure><figure class=\"gallery-item\">\n<div class=\"gallery-icon\">\r\n<a href=\"https:\/\/www.autoescolalira.com.br\/site\/wp-content\/uploads\/2024\/11\/b2ca8275-c715-4b97-a9bd-0e3d1772d104.jpg\" title=\"\" rel=\"gallery1\"><img src=\"https:\/\/www.autoescolalira.com.br\/site\/wp-content\/uploads\/2024\/11\/b2ca8275-c715-4b97-a9bd-0e3d1772d104-150x150.jpg\" width=\"150\" height=\"150\" alt=\"\" \/><\/a>\r\n<\/div><\/figure>\r\n\t\t<\/div>\n\n<div style=\"clear: both;\"><\/div>\n","protected":false},"excerpt":{"rendered":"<p>Todos nossos carros s\u00e3o novos e modernos e equipados com ar condicionado e dire\u00e7\u00e3o hidr\u00e1ulica. Temos ve\u00edculos de categorias profissionais e motos Suzuki. Nissan Versa Moto Honda Elite 125cc &#8211; Ano 2025\/25 Categoria B Renault \/ Kwid Zen MT Gol Categoria A Honda\/CG 160 Start<\/p>\n","protected":false},"author":1,"featured_media":0,"parent":50,"menu_order":0,"comment_status":"closed","ping_status":"closed","template":"","meta":{"_links_to":"","_links_to_target":""},"_links":{"self":[{"href":"https:\/\/www.autoescolalira.com.br\/site\/wp-json\/wp\/v2\/pages\/46"}],"collection":[{"href":"https:\/\/www.autoescolalira.com.br\/site\/wp-json\/wp\/v2\/pages"}],"about":[{"href":"https:\/\/www.autoescolalira.com.br\/site\/wp-json\/wp\/v2\/types\/page"}],"author":[{"embeddable":true,"href":"https:\/\/www.autoescolalira.com.br\/site\/wp-json\/wp\/v2\/users\/1"}],"replies":[{"embeddable":true,"href":"https:\/\/www.autoescolalira.com.br\/site\/wp-json\/wp\/v2\/comments?post=46"}],"version-history":[{"count":56,"href":"https:\/\/www.autoescolalira.com.br\/site\/wp-json\/wp\/v2\/pages\/46\/revisions"}],"predecessor-version":[{"id":1170,"href":"https:\/\/www.autoescolalira.com.br\/site\/wp-json\/wp\/v2\/pages\/46\/revisions\/1170"}],"up":[{"embeddable":true,"href":"https:\/\/www.autoescolalira.com.br\/site\/wp-json\/wp\/v2\/pages\/50"}],"wp:attachment":[{"href":"https:\/\/www.autoescolalira.com.br\/site\/wp-json\/wp\/v2\/media?parent=46"}],"curies":[{"name":"wp","href":"https:\/\/api.w.org\/{rel}","templated":true}]}}