{"id":713,"date":"2020-08-05T14:28:33","date_gmt":"2020-08-05T17:28:33","guid":{"rendered":"http:\/\/www.autoescolalira.com.br\/site\/?page_id=713"},"modified":"2020-10-02T14:35:46","modified_gmt":"2020-10-02T17:35:46","slug":"depoimentos","status":"publish","type":"page","link":"https:\/\/www.autoescolalira.com.br\/site\/area-do-aluno\/depoimentos\/","title":{"rendered":"Depoimentos"},"content":{"rendered":"<p>[vc_row][vc_column][vc_column_text]<\/p>\n<h3 style=\"text-align: center;\">DEPOIMENTO DE ALUNOS APROVADOS NO EXAME PR\u00c1TICO<\/h3>\n<p>[\/vc_column_text][\/vc_column][\/vc_row][vc_row][vc_column width=&#8221;1\/3&#8243;][vc_column_text]<strong>ALUNO CAIO<br \/>\nFez exame pr\u00e1tico de moto no dia 04\/08\/20<\/strong><\/p>\n<div id=\"fb-root\"><\/div>\n<p><script async defer crossorigin=\"anonymous\" src=\"https:\/\/connect.facebook.net\/pt_BR\/sdk.js#xfbml=1&#038;version=v8.0\" nonce=\"7QPWOZnc\"><\/script><\/p>\n<p><\/p>\n<div class=\"fb-video\" data-href=\"https:\/\/www.facebook.com\/lira.formacaodecondutores\/videos\/3278845178878199\/\" data-show-text=\"false\" data-width=\"\">\n<p><\/p>\n<blockquote class=\"fb-xfbml-parse-ignore\" cite=\"https:\/\/developers.facebook.com\/lira.formacaodecondutores\/videos\/3278845178878199\/\"><p>Vamos ouvir nosso aluno Caio, aprovado no Exame Pr\u00e1tico de Moto de hoje. Parab\u00e9ns!! Publicado por <a href=\"https:\/\/www.facebook.com\/lira.formacaodecondutores\">Hiryan Mezzalira Teixeira<\/a> em Ter\u00e7a-feira, 4 de agosto de 2020<\/p>\n<\/blockquote>\n<\/div>\n<p>[\/vc_column_text][\/vc_column][vc_column width=&#8221;1\/3&#8243;][vc_raw_html css=&#8221;.vc_custom_1597063596541{margin-bottom: 0px !important;border-bottom-width: 0px !important;padding-bottom: 0px !important;}&#8221;]JTNDcCUzRSUzQ3N0cm9uZyUzRUFMVU5PJTIwQ0FSTE9TJTIwJTNDYnIlMkYlM0VGZXolMjBleGFtZSUyMHByJUMzJUExdGljbyUyMGRlJTIwbW90byUyMG5vJTIwZGlhJTIwMDQlMkYwOCUyRjIwJTNDJTJGc3Ryb25nJTNFJTNDJTJGJTNF[\/vc_raw_html][vc_column_text]<\/p>\n<p><\/p>\n<div id=\"fb-root\"><\/div>\n<p><script async defer crossorigin=\"anonymous\" src=\"https:\/\/connect.facebook.net\/pt_BR\/sdk.js#xfbml=1&#038;version=v8.0\" nonce=\"bPWAD1uI\"><\/script><\/p>\n<div class=\"fb-video\" data-href=\"https:\/\/www.facebook.com\/lira.formacaodecondutores\/videos\/3278842035545180\/\" data-show-text=\"false\" data-width=\"\">\n<blockquote class=\"fb-xfbml-parse-ignore\" cite=\"https:\/\/developers.facebook.com\/lira.formacaodecondutores\/videos\/3278842035545180\/\">\n<p>Vamos ouvir nosso aluno Carlos aprovado no Exame Pr\u00e1tico de Moto de hoje. Parab\u00e9ns!! Publicado por <a href=\"https:\/\/www.facebook.com\/lira.formacaodecondutores\">Hiryan Mezzalira Teixeira<\/a> em Ter\u00e7a-feira, 4 de agosto de 2020<\/p>\n<\/blockquote>\n<\/div>\n<p>[\/vc_column_text][\/vc_column][vc_column width=&#8221;1\/3&#8243;][vc_column_text]<strong>ALUNO GUILHERME<br \/>\nFez exame pr\u00e1tico de carro no dia 04\/08\/20<\/strong><\/p>\n<div id=\"fb-root\"><\/div>\n<p><script async defer crossorigin=\"anonymous\" src=\"https:\/\/connect.facebook.net\/pt_BR\/sdk.js#xfbml=1&#038;version=v8.0\" nonce=\"9LDYphsC\"><\/script><\/p>\n<p><\/p>\n<div class=\"fb-video\" data-href=\"https:\/\/www.facebook.com\/lira.formacaodecondutores\/videos\/3278756768887040\/\" data-show-text=\"false\" data-width=\"\">\n<p><\/p>\n<blockquote class=\"fb-xfbml-parse-ignore\" cite=\"https:\/\/developers.facebook.com\/lira.formacaodecondutores\/videos\/3278756768887040\/\"><p>Vamos ouvir nosso aluno Guilherme aprovado no Exame Pr\u00e1tico de hoje. Parab\u00e9ns!! Publicado por <a href=\"https:\/\/www.facebook.com\/lira.formacaodecondutores\">Hiryan Mezzalira Teixeira<\/a> em Ter\u00e7a-feira, 4 de agosto de 2020<\/p>\n<\/blockquote>\n<\/div>\n<p>[\/vc_column_text][\/vc_column][\/vc_row][vc_row][vc_column width=&#8221;1\/3&#8243;][vc_raw_html css=&#8221;.vc_custom_1597088564858{margin-bottom: 0px !important;border-bottom-width: 0px !important;padding-bottom: 0px !important;}&#8221;]JTNDcCUzRSUzQ3N0cm9uZyUzRUFMVU5PJTIwUk9HRVJJTyUzQ2JyJTJGJTNFRmV6JTIwZXhhbWUlMjBwciVDMyVBMXRpY28lMjBkZSUyMG1vdG8lMjBubyUyMGRpYSUyMDA0JTJGMDglMkYyMCUzQyUyRnN0cm9uZyUzRSUzQyUyRiUzRQ==[\/vc_raw_html][vc_column_text]<\/p>\n<p><\/p>\n<div id=\"fb-root\"><\/div>\n<p><script async defer crossorigin=\"anonymous\" src=\"https:\/\/connect.facebook.net\/pt_BR\/sdk.js#xfbml=1&#038;version=v8.0\" nonce=\"VQHFsNFh\"><\/script><\/p>\n<div class=\"fb-video\" data-href=\"https:\/\/www.facebook.com\/lira.formacaodecondutores\/videos\/3278754192220631\/\" data-show-text=\"false\" data-width=\"\">\n<blockquote class=\"fb-xfbml-parse-ignore\" cite=\"https:\/\/developers.facebook.com\/lira.formacaodecondutores\/videos\/3278754192220631\/\">\n<p>Vamos ouvir nosso aluno Rogerio aprovado no Exame Pr\u00e1tico de hoje!<br \/>\nParab\u00e9ns!!<\/p>\n<p>Publicado por <a href=\"https:\/\/www.facebook.com\/lira.formacaodecondutores\">Hiryan Mezzalira Teixeira<\/a> em Ter\u00e7a-feira, 4 de agosto de 2020<\/p>\n<\/blockquote>\n<\/div>\n<p>[\/vc_column_text][\/vc_column][vc_column width=&#8221;1\/3&#8243;][vc_column_text]<strong>ALUNA FERNANDA<br \/>\nFez exame pr\u00e1tico de carro no dia 05\/08\/20<\/strong><\/p>\n<div id=\"fb-root\"><\/div>\n<p><script async defer crossorigin=\"anonymous\" src=\"https:\/\/connect.facebook.net\/pt_BR\/sdk.js#xfbml=1&#038;version=v8.0\" nonce=\"ghuTHKTG\"><\/script><\/p>\n<p><\/p>\n<div class=\"fb-video\" data-href=\"https:\/\/www.facebook.com\/lira.formacaodecondutores\/videos\/3281662791929771\/\" data-show-text=\"false\" data-width=\"\">\n<p><\/p>\n<blockquote class=\"fb-xfbml-parse-ignore\" cite=\"https:\/\/developers.facebook.com\/lira.formacaodecondutores\/videos\/3281662791929771\/\"><p>Parab\u00e9ns Fernanda pela Aprova\u00e7\u00e3o!! Vejam o coment\u00e1rio dela sobre n\u00f3s. ?? Publicado por <a href=\"https:\/\/www.facebook.com\/lira.formacaodecondutores\">Hiryan Mezzalira Teixeira<\/a> em Quarta-feira, 5 de agosto de 2020<\/p>\n<\/blockquote>\n<\/div>\n<p>[\/vc_column_text][\/vc_column][vc_column width=&#8221;1\/3&#8243;][vc_raw_html css=&#8221;.vc_custom_1597927069771{margin-bottom: 0px !important;border-bottom-width: 0px !important;padding-bottom: 0px !important;}&#8221;]JTNDcCUzRSUzQ3N0cm9uZyUzRUFMVU5PJTIwVEhJQUdPJTNDYnIlMkYlM0VGZXolMjBleGFtZSUyMHByJUMzJUExdGljbyUyMGRlJTIwbW90byUyMG5vJTIwZGlhJTIwMTglMkYwOCUyRjIwJTNDJTJGc3Ryb25nJTNFJTNDJTJGJTNF[\/vc_raw_html][vc_column_text]<\/p>\n<p><\/p>\n<div id=\"fb-root\"><\/div>\n<p><script async defer crossorigin=\"anonymous\" src=\"https:\/\/connect.facebook.net\/pt_BR\/sdk.js#xfbml=1&#038;version=v8.0&#038;appId=218700651621357&#038;autoLogAppEvents=1\" nonce=\"ERxSvm8H\"><\/script><\/p>\n<div class=\"fb-video\" data-href=\"https:\/\/www.facebook.com\/lira.formacaodecondutores\/videos\/3319462091483174\/\" data-show-text=\"false\" data-width=\"\">\n<blockquote class=\"fb-xfbml-parse-ignore\" cite=\"https:\/\/developers.facebook.com\/lira.formacaodecondutores\/videos\/3319462091483174\/\">\n<p>Depoimento do aluno Thiago, Aprovado no Exame Pratico de Carro de hoje.<br \/>\nParab\u00e9ns!!!<\/p>\n<p>Publicado por <a href=\"https:\/\/www.facebook.com\/lira.formacaodecondutores\">Hiryan Mezzalira Teixeira<\/a> em Ter\u00e7a-feira, 18 de agosto de 2020<\/p>\n<\/blockquote>\n<\/div>\n<p>[\/vc_column_text][\/vc_column][\/vc_row][vc_row][vc_column width=&#8221;1\/3&#8243;][vc_raw_html css=&#8221;.vc_custom_1599584241478{margin-bottom: 0px !important;border-bottom-width: 0px !important;padding-bottom: 0px !important;}&#8221;]JTNDcCUzRSUzQ3N0cm9uZyUzRUFMVU5BJTIwRURVQVJEQSUzQ2JyJTJGJTNFRmV6JTIwZXhhbWUlMjBwciVDMyVBMXRpY28lMjBkZSUyMGNhcnJvJTIwbm8lMjBkaWElMjAxOSUyRjA4JTJGMjAlM0MlMkZzdHJvbmclM0UlM0MlMkYlM0U=[\/vc_raw_html][vc_column_text]<\/p>\n<div id=\"fb-root\"><\/div>\n<p><script async defer crossorigin=\"anonymous\" src=\"https:\/\/connect.facebook.net\/pt_BR\/sdk.js#xfbml=1&#038;version=v8.0&#038;appId=218700651621357&#038;autoLogAppEvents=1\" nonce=\"5LKxqf5q\"><\/script><\/p>\n<div class=\"fb-video\" data-href=\"https:\/\/www.facebook.com\/lira.formacaodecondutores\/videos\/3328835540545829\/\" data-show-text=\"false\" data-width=\"\">\n<blockquote class=\"fb-xfbml-parse-ignore\" cite=\"https:\/\/developers.facebook.com\/lira.formacaodecondutores\/videos\/3328835540545829\/\">\n<p>Depoimento da nossa aluna Eduarda!!<\/p>\n<p>Parab\u00e9ns!!!<\/p>\n<p>Publicado por <a href=\"https:\/\/www.facebook.com\/lira.formacaodecondutores\">Hiryan Mezzalira Teixeira<\/a> em Sexta-feira, 21 de agosto de 2020<\/p>\n<\/blockquote>\n<\/div>\n<p>[\/vc_column_text][\/vc_column][vc_column width=&#8221;1\/3&#8243;][vc_raw_html css=&#8221;.vc_custom_1601325335328{margin-bottom: 0px !important;border-bottom-width: 0px !important;padding-bottom: 0px !important;}&#8221;]JTNDcCUzRSUzQ3N0cm9uZyUzRUFMVU5PJTIwRkVSTkFORE8lM0NiciUyRiUzRUZleiUyMGV4YW1lJTIwcHIlQzMlQTF0aWNvJTIwZGUlMjBjYXJybyUyMG5vJTIwZGlhJTIwMjQlMkYwOSUyRjIwJTNDJTJGc3Ryb25nJTNFJTNDJTJGJTNFJTBBJTBBJTNDZGl2JTIwaWQlM0QlMjJmYi1yb290JTIyJTNFJTNDJTJGZGl2JTNFJTBBJTNDc2NyaXB0JTIwYXN5bmMlMjBkZWZlciUyMGNyb3Nzb3JpZ2luJTNEJTIyYW5vbnltb3VzJTIyJTIwc3JjJTNEJTIyaHR0cHMlM0ElMkYlMkZjb25uZWN0LmZhY2Vib29rLm5ldCUyRnB0X0JSJTJGc2RrLmpzJTIzeGZibWwlM0QxJTI2dmVyc2lvbiUzRHY4LjAlMjZhcHBJZCUzRDIxODcwMDY1MTYyMTM1NyUyNmF1dG9Mb2dBcHBFdmVudHMlM0QxJTIyJTIwbm9uY2UlM0QlMjIyeDhvZEEzYiUyMiUzRSUzQyUyRnNjcmlwdCUzRSUwQSUwQSUzQ2RpdiUyMGNsYXNzJTNEJTIyZmItdmlkZW8lMjIlMjBkYXRhLWhyZWYlM0QlMjJodHRwcyUzQSUyRiUyRnd3dy5mYWNlYm9vay5jb20lMkZsaXJhLmZvcm1hY2FvZGVjb25kdXRvcmVzJTJGdmlkZW9zJTJGMzQzMTM0NzQ3MDI5NDYzNSUyRiUyMiUyMGRhdGEtc2hvdy10ZXh0JTNEJTIyZmFsc2UlMjIlMjBkYXRhLXdpZHRoJTNEJTIyJTIyJTNFJTNDYmxvY2txdW90ZSUyMGNpdGUlM0QlMjJodHRwcyUzQSUyRiUyRmRldmVsb3BlcnMuZmFjZWJvb2suY29tJTJGbGlyYS5mb3JtYWNhb2RlY29uZHV0b3JlcyUyRnZpZGVvcyUyRjM0MzEzNDc0NzAyOTQ2MzUlMkYlMjIlMjBjbGFzcyUzRCUyMmZiLXhmYm1sLXBhcnNlLWlnbm9yZSUyMiUzRSUzQ2ElMjBocmVmJTNEJTIyaHR0cHMlM0ElMkYlMkZkZXZlbG9wZXJzLmZhY2Vib29rLmNvbSUyRmxpcmEuZm9ybWFjYW9kZWNvbmR1dG9yZXMlMkZ2aWRlb3MlMkYzNDMxMzQ3NDcwMjk0NjM1JTJGJTIyJTNFJTNDJTJGYSUzRSUzQ3AlM0VWYW1vcyUyMG91dmlyJTIwbyUyMGRlcG9pbWVudG8lMjBkbyUyMG5vc3NvJTIwYWx1bm8lMjBGZXJuYW5kby4lMEFQYXJhYiVDMyVBOW5zJTIxJTIxJTBBQXByb3ZhZGlzc2ltbyUyMSUyMSUyMCUwQSVGMCU5RiU5MSU4RiVGMCU5RiU5MSU4RiVGMCU5RiU5MSU4RiVGMCU5RiU5MSU4RiVGMCU5RiU5MSU4RiVGMCU5RiU5MSU4RiVGMCU5RiU5MSU4RiVGMCU5RiU5MSU4RiVGMCU5RiU5MSU4RiVGMCU5RiU5MSU4RiUzQyUyRnAlM0VQdWJsaWNhZG8lMjBwb3IlMjAlM0NhJTIwaHJlZiUzRCUyMmh0dHBzJTNBJTJGJTJGd3d3LmZhY2Vib29rLmNvbSUyRmxpcmEuZm9ybWFjYW9kZWNvbmR1dG9yZXMlMjIlM0VIaXJ5YW4lMjBNZXp6YWxpcmElMjBUZWl4ZWlyYSUzQyUyRmElM0UlMjBlbSUyMFF1YXJ0YS1mZWlyYSUyQyUyMDIzJTIwZGUlMjBzZXRlbWJybyUyMGRlJTIwMjAyMCUzQyUyRmJsb2NrcXVvdGUlM0UlM0MlMkZkaXYlM0U=[\/vc_raw_html][\/vc_column][vc_column width=&#8221;1\/3&#8243;][vc_raw_html css=&#8221;.vc_custom_1601325386245{margin-bottom: 0px !important;border-bottom-width: 0px !important;padding-bottom: 0px !important;}&#8221;]JTNDcCUzRSUzQ3N0cm9uZyUzRUFMVU5PJTIwUk9EUklHTyUzQ2JyJTJGJTNFRmV6JTIwZXhhbWUlMjBwciVDMyVBMXRpY28lMjBkZSUyMGNhcnJvJTIwbm8lMjBkaWElMjAyNCUyRjA5JTJGMjAlM0MlMkZzdHJvbmclM0UlM0MlMkYlM0UlMEElMEElM0NkaXYlMjBpZCUzRCUyMmZiLXJvb3QlMjIlM0UlM0MlMkZkaXYlM0UlMEElM0NzY3JpcHQlMjBhc3luYyUyMGRlZmVyJTIwY3Jvc3NvcmlnaW4lM0QlMjJhbm9ueW1vdXMlMjIlMjBzcmMlM0QlMjJodHRwcyUzQSUyRiUyRmNvbm5lY3QuZmFjZWJvb2submV0JTJGcHRfQlIlMkZzZGsuanMlMjN4ZmJtbCUzRDElMjZ2ZXJzaW9uJTNEdjguMCUyNmFwcElkJTNEMjE4NzAwNjUxNjIxMzU3JTI2YXV0b0xvZ0FwcEV2ZW50cyUzRDElMjIlMjBub25jZSUzRCUyMmUzZkhhVEt1JTIyJTNFJTNDJTJGc2NyaXB0JTNFJTBBJTBBJTNDZGl2JTIwY2xhc3MlM0QlMjJmYi12aWRlbyUyMiUyMGRhdGEtaHJlZiUzRCUyMmh0dHBzJTNBJTJGJTJGd3d3LmZhY2Vib29rLmNvbSUyRmxpcmEuZm9ybWFjYW9kZWNvbmR1dG9yZXMlMkZ2aWRlb3MlMkYzNDMxMzQ0NDMwMjk0OTM5JTJGJTIyJTIwZGF0YS1zaG93LXRleHQlM0QlMjJmYWxzZSUyMiUyMGRhdGEtd2lkdGglM0QlMjIlMjIlM0UlM0NibG9ja3F1b3RlJTIwY2l0ZSUzRCUyMmh0dHBzJTNBJTJGJTJGZGV2ZWxvcGVycy5mYWNlYm9vay5jb20lMkZsaXJhLmZvcm1hY2FvZGVjb25kdXRvcmVzJTJGdmlkZW9zJTJGMzQzMTM0NDQzMDI5NDkzOSUyRiUyMiUyMGNsYXNzJTNEJTIyZmIteGZibWwtcGFyc2UtaWdub3JlJTIyJTNFJTNDYSUyMGhyZWYlM0QlMjJodHRwcyUzQSUyRiUyRmRldmVsb3BlcnMuZmFjZWJvb2suY29tJTJGbGlyYS5mb3JtYWNhb2RlY29uZHV0b3JlcyUyRnZpZGVvcyUyRjM0MzEzNDQ0MzAyOTQ5MzklMkYlMjIlM0UlM0MlMkZhJTNFJTNDcCUzRVZhbW9zJTIwb3V2aXIlMjBvJTIwZGVwb2ltZW50byUyMGRvJTIwbm9zc28lMjBhbHVubyUyMFJvZHJpZ28uJTBBUGFyYWIlQzMlQTlucyUyMSUyMSUwQUFwcm92YWRpc3NpbW8lMjElMjElRjAlOUYlOTElOEYlRjAlOUYlOTElOEYlRjAlOUYlOTElOEYlRjAlOUYlOTElOEYlRjAlOUYlOTElOEYlRjAlOUYlOTElOEYlRjAlOUYlOTElOEYlRjAlOUYlOTElOEYlRjAlOUYlOTElOEYlRjAlOUYlOTElOEYlRjAlOUYlOTElOEYlM0MlMkZwJTNFUHVibGljYWRvJTIwcG9yJTIwJTNDYSUyMGhyZWYlM0QlMjJodHRwcyUzQSUyRiUyRnd3dy5mYWNlYm9vay5jb20lMkZsaXJhLmZvcm1hY2FvZGVjb25kdXRvcmVzJTIyJTNFSGlyeWFuJTIwTWV6emFsaXJhJTIwVGVpeGVpcmElM0MlMkZhJTNFJTIwZW0lMjBRdWFydGEtZmVpcmElMkMlMjAyMyUyMGRlJTIwc2V0ZW1icm8lMjBkZSUyMDIwMjAlM0MlMkZibG9ja3F1b3RlJTNFJTNDJTJGZGl2JTNF[\/vc_raw_html][\/vc_column][\/vc_row][vc_row][vc_column width=&#8221;1\/3&#8243;][vc_raw_html css=&#8221;.vc_custom_1601559349106{margin-bottom: 0px !important;border-bottom-width: 0px !important;padding-bottom: 0px !important;}&#8221;]JTNDcCUzRSUzQ3N0cm9uZyUzRUFMVU5PJTIwTUFSSUFOQSUzQ2JyJTJGJTNFRmV6JTIwZXhhbWUlMjBwciVDMyVBMXRpY28lMjBkZSUyMGNhcnJvJTIwbm8lMjBkaWElMjAzMCUyRjA5JTJGMjAlM0MlMkZzdHJvbmclM0UlM0MlMkYlM0UlMEElMEElM0NkaXYlMjBpZCUzRCUyMmZiLXJvb3QlMjIlM0UlM0MlMkZkaXYlM0UlMEElM0NzY3JpcHQlMjBhc3luYyUyMGRlZmVyJTIwY3Jvc3NvcmlnaW4lM0QlMjJhbm9ueW1vdXMlMjIlMjBzcmMlM0QlMjJodHRwcyUzQSUyRiUyRmNvbm5lY3QuZmFjZWJvb2submV0JTJGcHRfQlIlMkZzZGsuanMlMjN4ZmJtbCUzRDElMjZ2ZXJzaW9uJTNEdjguMCUyNmFwcElkJTNEMjE4NzAwNjUxNjIxMzU3JTI2YXV0b0xvZ0FwcEV2ZW50cyUzRDElMjIlMjBub25jZSUzRCUyMk56alViUFVzJTIyJTNFJTNDJTJGc2NyaXB0JTNFJTBBJTBBJTNDZGl2JTIwY2xhc3MlM0QlMjJmYi12aWRlbyUyMiUyMGRhdGEtaHJlZiUzRCUyMmh0dHBzJTNBJTJGJTJGd3d3LmZhY2Vib29rLmNvbSUyRmxpcmEuZm9ybWFjYW9kZWNvbmR1dG9yZXMlMkZ2aWRlb3MlMkYzNDUzMTg5NDYxNDQzNzY5JTJGJTIyJTIwZGF0YS1zaG93LXRleHQlM0QlMjJmYWxzZSUyMiUyMGRhdGEtd2lkdGglM0QlMjIlMjIlM0UlM0NibG9ja3F1b3RlJTIwY2l0ZSUzRCUyMmh0dHBzJTNBJTJGJTJGZGV2ZWxvcGVycy5mYWNlYm9vay5jb20lMkZsaXJhLmZvcm1hY2FvZGVjb25kdXRvcmVzJTJGdmlkZW9zJTJGMzQ1MzE4OTQ2MTQ0Mzc2OSUyRiUyMiUyMGNsYXNzJTNEJTIyZmIteGZibWwtcGFyc2UtaWdub3JlJTIyJTNFJTNDYSUyMGhyZWYlM0QlMjJodHRwcyUzQSUyRiUyRmRldmVsb3BlcnMuZmFjZWJvb2suY29tJTJGbGlyYS5mb3JtYWNhb2RlY29uZHV0b3JlcyUyRnZpZGVvcyUyRjM0NTMxODk0NjE0NDM3NjklMkYlMjIlM0UlM0MlMkZhJTNFJTNDcCUzRVBhcmFiJUMzJUE5bnMlMjBNYXJpYW5hLiUwQVZhbW9zJTIwb3V2aXIlMjBvJTIwZGVwb2ltZW50byUyMGRlbGEuJTBBJTBBJUYwJTlGJUE1JUIwJUYwJTlGJUE1JUIwJTNDJTJGcCUzRVB1YmxpY2FkbyUyMHBvciUyMCUzQ2ElMjBocmVmJTNEJTIyaHR0cHMlM0ElMkYlMkZ3d3cuZmFjZWJvb2suY29tJTJGbGlyYS5mb3JtYWNhb2RlY29uZHV0b3JlcyUyMiUzRUhpcnlhbiUyME1lenphbGlyYSUyMFRlaXhlaXJhJTNDJTJGYSUzRSUyMGVtJTIwUXVhcnRhLWZlaXJhJTJDJTIwMzAlMjBkZSUyMHNldGVtYnJvJTIwZGUlMjAyMDIwJTNDJTJGYmxvY2txdW90ZSUzRSUzQyUyRmRpdiUzRQ==[\/vc_raw_html][\/vc_column][vc_column width=&#8221;1\/3&#8243;][vc_raw_html css=&#8221;.vc_custom_1601659506624{margin-bottom: 0px !important;border-bottom-width: 0px !important;padding-bottom: 0px !important;}&#8221;]JTNDcCUzRSUzQ3N0cm9uZyUzRUFMVU5PJTIwQ0FSTE9TJTNDYnIlMkYlM0VGZXolMjBleGFtZSUyMHByJUMzJUExdGljbyUyMGRlJTIwY2Fycm8lMjBubyUyMGRpYSUyMDMwJTJGMDklMkYyMCUzQyUyRnN0cm9uZyUzRSUzQyUyRiUzRSUwQSUwQSUzQ2RpdiUyMGlkJTNEJTIyZmItcm9vdCUyMiUzRSUzQyUyRmRpdiUzRSUwQSUzQ3NjcmlwdCUyMGFzeW5jJTIwZGVmZXIlMjBjcm9zc29yaWdpbiUzRCUyMmFub255bW91cyUyMiUyMHNyYyUzRCUyMmh0dHBzJTNBJTJGJTJGY29ubmVjdC5mYWNlYm9vay5uZXQlMkZwdF9CUiUyRnNkay5qcyUyM3hmYm1sJTNEMSUyNnZlcnNpb24lM0R2OC4wJTI2YXBwSWQlM0QyMTg3MDA2NTE2MjEzNTclMjZhdXRvTG9nQXBwRXZlbnRzJTNEMSUyMiUyMG5vbmNlJTNEJTIyck9XU0trU1olMjIlM0UlM0MlMkZzY3JpcHQlM0UlMEElMEElM0NkaXYlMjBjbGFzcyUzRCUyMmZiLXZpZGVvJTIyJTIwZGF0YS1ocmVmJTNEJTIyaHR0cHMlM0ElMkYlMkZ3d3cuZmFjZWJvb2suY29tJTJGbGlyYS5mb3JtYWNhb2RlY29uZHV0b3JlcyUyRnZpZGVvcyUyRjM0NTMxODc3NDgxMTA2MDclMkYlMjIlMjBkYXRhLXNob3ctdGV4dCUzRCUyMmZhbHNlJTIyJTIwZGF0YS13aWR0aCUzRCUyMiUyMiUzRSUzQ2Jsb2NrcXVvdGUlMjBjaXRlJTNEJTIyaHR0cHMlM0ElMkYlMkZkZXZlbG9wZXJzLmZhY2Vib29rLmNvbSUyRmxpcmEuZm9ybWFjYW9kZWNvbmR1dG9yZXMlMkZ2aWRlb3MlMkYzNDUzMTg3NzQ4MTEwNjA3JTJGJTIyJTIwY2xhc3MlM0QlMjJmYi14ZmJtbC1wYXJzZS1pZ25vcmUlMjIlM0UlM0NhJTIwaHJlZiUzRCUyMmh0dHBzJTNBJTJGJTJGZGV2ZWxvcGVycy5mYWNlYm9vay5jb20lMkZsaXJhLmZvcm1hY2FvZGVjb25kdXRvcmVzJTJGdmlkZW9zJTJGMzQ1MzE4Nzc0ODExMDYwNyUyRiUyMiUzRSUzQyUyRmElM0UlM0NwJTNFUGFyYWIlQzMlQTlucyUyMENhcmxvcyUyMEVkdWFyZG8uJTBBVmFtb3MlMjBvdXZpciUyMG8lMjBkZXBvaW1lbnRvJTIwZGVsZS4lMEElMEElRjAlOUYlQTUlQjAlRjAlOUYlQTUlQjAlM0MlMkZwJTNFUHVibGljYWRvJTIwcG9yJTIwJTNDYSUyMGhyZWYlM0QlMjJodHRwcyUzQSUyRiUyRnd3dy5mYWNlYm9vay5jb20lMkZsaXJhLmZvcm1hY2FvZGVjb25kdXRvcmVzJTIyJTNFSGlyeWFuJTIwTWV6emFsaXJhJTIwVGVpeGVpcmElM0MlMkZhJTNFJTIwZW0lMjBRdWFydGEtZmVpcmElMkMlMjAzMCUyMGRlJTIwc2V0ZW1icm8lMjBkZSUyMDIwMjAlM0MlMkZibG9ja3F1b3RlJTNFJTNDJTJGZGl2JTNF[\/vc_raw_html][\/vc_column][vc_column width=&#8221;1\/3&#8243;][vc_raw_html css=&#8221;.vc_custom_1601659513506{margin-bottom: 0px !important;border-bottom-width: 0px !important;padding-bottom: 0px !important;}&#8221;]JTNDcCUzRSUzQ3N0cm9uZyUzRUFMVU5PJTIwRkxBVklBJTNDYnIlMkYlM0VGZXolMjBleGFtZSUyMHByJUMzJUExdGljbyUyMGRlJTIwY2Fycm8lMjBubyUyMGRpYSUyMDMwJTJGMDklMkYyMCUzQyUyRnN0cm9uZyUzRSUzQyUyRiUzRSUwQSUwQSUzQ2RpdiUyMGlkJTNEJTIyZmItcm9vdCUyMiUzRSUzQyUyRmRpdiUzRSUwQSUzQ3NjcmlwdCUyMGFzeW5jJTIwZGVmZXIlMjBjcm9zc29yaWdpbiUzRCUyMmFub255bW91cyUyMiUyMHNyYyUzRCUyMmh0dHBzJTNBJTJGJTJGY29ubmVjdC5mYWNlYm9vay5uZXQlMkZwdF9CUiUyRnNkay5qcyUyM3hmYm1sJTNEMSUyNnZlcnNpb24lM0R2OC4wJTI2YXBwSWQlM0QyMTg3MDA2NTE2MjEzNTclMjZhdXRvTG9nQXBwRXZlbnRzJTNEMSUyMiUyMG5vbmNlJTNEJTIyNGlIMFBuWFQlMjIlM0UlM0MlMkZzY3JpcHQlM0UlMEElMEElM0NkaXYlMjBjbGFzcyUzRCUyMmZiLXZpZGVvJTIyJTIwZGF0YS1ocmVmJTNEJTIyaHR0cHMlM0ElMkYlMkZ3d3cuZmFjZWJvb2suY29tJTJGbGlyYS5mb3JtYWNhb2RlY29uZHV0b3JlcyUyRnZpZGVvcyUyRjM0NTMxNzkyOTQ3NzgxMTklMkYlMjIlMjBkYXRhLXNob3ctdGV4dCUzRCUyMmZhbHNlJTIyJTIwZGF0YS13aWR0aCUzRCUyMiUyMiUzRSUzQ2Jsb2NrcXVvdGUlMjBjaXRlJTNEJTIyaHR0cHMlM0ElMkYlMkZkZXZlbG9wZXJzLmZhY2Vib29rLmNvbSUyRmxpcmEuZm9ybWFjYW9kZWNvbmR1dG9yZXMlMkZ2aWRlb3MlMkYzNDUzMTc5Mjk0Nzc4MTE5JTJGJTIyJTIwY2xhc3MlM0QlMjJmYi14ZmJtbC1wYXJzZS1pZ25vcmUlMjIlM0UlM0NhJTIwaHJlZiUzRCUyMmh0dHBzJTNBJTJGJTJGZGV2ZWxvcGVycy5mYWNlYm9vay5jb20lMkZsaXJhLmZvcm1hY2FvZGVjb25kdXRvcmVzJTJGdmlkZW9zJTJGMzQ1MzE3OTI5NDc3ODExOSUyRiUyMiUzRSUzQyUyRmElM0UlM0NwJTNFUGFyYWIlQzMlQTlucyUyMEZsYXZpYS4lMEFWYW1vcyUyMG91dmlyJTIwbyUyMGRlcG9pbWVudG8lMjBkZWxhLiUwQSVGMCU5RiVBNSVCMCVGMCU5RiVBNSVCMCUzQyUyRnAlM0VQdWJsaWNhZG8lMjBwb3IlMjAlM0NhJTIwaHJlZiUzRCUyMmh0dHBzJTNBJTJGJTJGd3d3LmZhY2Vib29rLmNvbSUyRmxpcmEuZm9ybWFjYW9kZWNvbmR1dG9yZXMlMjIlM0VIaXJ5YW4lMjBNZXp6YWxpcmElMjBUZWl4ZWlyYSUzQyUyRmElM0UlMjBlbSUyMFF1YXJ0YS1mZWlyYSUyQyUyMDMwJTIwZGUlMjBzZXRlbWJybyUyMGRlJTIwMjAyMCUzQyUyRmJsb2NrcXVvdGUlM0UlM0MlMkZkaXYlM0U=[\/vc_raw_html][\/vc_column][\/vc_row]<\/p>\n","protected":false},"excerpt":{"rendered":"<p>[vc_row][vc_column][vc_column_text] DEPOIMENTO DE ALUNOS APROVADOS NO EXAME PR\u00c1TICO [\/vc_column_text][\/vc_column][\/vc_row][vc_row][vc_column width=&#8221;1\/3&#8243;][vc_column_text]ALUNO CAIO Fez exame pr\u00e1tico de moto no dia 04\/08\/20 Vamos ouvir nosso aluno Caio, aprovado no Exame Pr\u00e1tico de Moto de hoje. Parab\u00e9ns!! Publicado por Hiryan Mezzalira Teixeira em Ter\u00e7a-feira, 4 de agosto de 2020 [\/vc_column_text][\/vc_column][vc_column width=&#8221;1\/3&#8243;][vc_raw_html css=&#8221;.vc_custom_1597063596541{margin-bottom: 0px !important;border-bottom-width: 0px !important;padding-bottom: 0px !important;}&#8221;]JTNDcCUzRSUzQ3N0cm9uZyUzRUFMVU5PJTIwQ0FSTE9TJTIwJTNDYnIlMkYlM0VGZXolMjBleGFtZSUyMHByJUMzJUExdGljbyUyMGRlJTIwbW90byUyMG5vJTIwZGlhJTIwMDQlMkYwOCUyRjIwJTNDJTJGc3Ryb25nJTNFJTNDJTJGJTNF[\/vc_raw_html][vc_column_text] Vamos [&hellip;]<\/p>\n","protected":false},"author":1,"featured_media":0,"parent":54,"menu_order":0,"comment_status":"closed","ping_status":"closed","template":"","meta":{"_links_to":"","_links_to_target":""},"_links":{"self":[{"href":"https:\/\/www.autoescolalira.com.br\/site\/wp-json\/wp\/v2\/pages\/713"}],"collection":[{"href":"https:\/\/www.autoescolalira.com.br\/site\/wp-json\/wp\/v2\/pages"}],"about":[{"href":"https:\/\/www.autoescolalira.com.br\/site\/wp-json\/wp\/v2\/types\/page"}],"author":[{"embeddable":true,"href":"https:\/\/www.autoescolalira.com.br\/site\/wp-json\/wp\/v2\/users\/1"}],"replies":[{"embeddable":true,"href":"https:\/\/www.autoescolalira.com.br\/site\/wp-json\/wp\/v2\/comments?post=713"}],"version-history":[{"count":22,"href":"https:\/\/www.autoescolalira.com.br\/site\/wp-json\/wp\/v2\/pages\/713\/revisions"}],"predecessor-version":[{"id":719,"href":"https:\/\/www.autoescolalira.com.br\/site\/wp-json\/wp\/v2\/pages\/713\/revisions\/719"}],"up":[{"embeddable":true,"href":"https:\/\/www.autoescolalira.com.br\/site\/wp-json\/wp\/v2\/pages\/54"}],"wp:attachment":[{"href":"https:\/\/www.autoescolalira.com.br\/site\/wp-json\/wp\/v2\/media?parent=713"}],"curies":[{"name":"wp","href":"https:\/\/api.w.org\/{rel}","templated":true}]}}