{"id":89,"date":"2018-01-22T16:29:24","date_gmt":"2018-01-22T18:29:24","guid":{"rendered":"http:\/\/www.autoescolalira.com.br\/site\/?page_id=89"},"modified":"2026-03-12T11:34:37","modified_gmt":"2026-03-12T14:34:37","slug":"primeira-habilitacao","status":"publish","type":"page","link":"https:\/\/www.autoescolalira.com.br\/site\/servicos\/primeira-habilitacao\/","title":{"rendered":"Primeira Habilita\u00e7\u00e3o"},"content":{"rendered":"<p>[vc_row][vc_column][vc_column_text]<\/p>\n<p align=\"center\">Tirar a primeira habilita\u00e7\u00e3o n\u00e3o \u00e9 um bicho de sete cabe\u00e7as, mas algumas dicas e orienta\u00e7\u00f5es sempre ajudam neste momento t\u00e3o importante para muitas pessoas, procure os profissionais da Auto Escola Lira<\/p>\n<p align=\"center\"><strong>ESTAMOS COM VALORES PROMOCIONAIS. ENTRE EM CONTATO NO NOSSO WHATSAPP E CONFIRA.\u00a0<\/strong><\/p>\n<h1 align=\"center\">Carro Manual<\/h1>\n<p>[\/vc_column_text][\/vc_column][\/vc_row][vc_row][vc_column width=&#8221;1\/2&#8243;][vc_single_image image=&#8221;1154&#8243; img_size=&#8221;full&#8221; alignment=&#8221;center&#8221;][\/vc_column][vc_column width=&#8221;1\/2&#8243;][vc_single_image image=&#8221;1155&#8243; img_size=&#8221;full&#8221; alignment=&#8221;center&#8221;][\/vc_column][\/vc_row][vc_row][vc_column][vc_column_text]<\/p>\n<h1 align=\"center\">Carro Autom\u00e1tico<\/h1>\n<p>[\/vc_column_text][\/vc_column][\/vc_row][vc_row][vc_column width=&#8221;1\/2&#8243;][vc_single_image image=&#8221;1153&#8243; img_size=&#8221;full&#8221; alignment=&#8221;center&#8221;][\/vc_column][vc_column width=&#8221;1\/2&#8243;][vc_single_image image=&#8221;1152&#8243; img_size=&#8221;full&#8221; alignment=&#8221;center&#8221;][\/vc_column][\/vc_row]<\/p>\n","protected":false},"excerpt":{"rendered":"<p>[vc_row][vc_column][vc_column_text] Tirar a primeira habilita\u00e7\u00e3o n\u00e3o \u00e9 um bicho de sete cabe\u00e7as, mas algumas dicas e orienta\u00e7\u00f5es sempre ajudam neste momento t\u00e3o importante para muitas pessoas, procure os profissionais da Auto Escola Lira ESTAMOS COM VALORES PROMOCIONAIS. ENTRE EM CONTATO NO NOSSO WHATSAPP E CONFIRA.\u00a0 Carro Manual [\/vc_column_text][\/vc_column][\/vc_row][vc_row][vc_column width=&#8221;1\/2&#8243;][vc_single_image image=&#8221;1154&#8243; img_size=&#8221;full&#8221; alignment=&#8221;center&#8221;][\/vc_column][vc_column width=&#8221;1\/2&#8243;][vc_single_image image=&#8221;1155&#8243; img_size=&#8221;full&#8221; [&hellip;]<\/p>\n","protected":false},"author":1,"featured_media":0,"parent":52,"menu_order":0,"comment_status":"closed","ping_status":"closed","template":"","meta":{"_links_to":"","_links_to_target":""},"_links":{"self":[{"href":"https:\/\/www.autoescolalira.com.br\/site\/wp-json\/wp\/v2\/pages\/89"}],"collection":[{"href":"https:\/\/www.autoescolalira.com.br\/site\/wp-json\/wp\/v2\/pages"}],"about":[{"href":"https:\/\/www.autoescolalira.com.br\/site\/wp-json\/wp\/v2\/types\/page"}],"author":[{"embeddable":true,"href":"https:\/\/www.autoescolalira.com.br\/site\/wp-json\/wp\/v2\/users\/1"}],"replies":[{"embeddable":true,"href":"https:\/\/www.autoescolalira.com.br\/site\/wp-json\/wp\/v2\/comments?post=89"}],"version-history":[{"count":14,"href":"https:\/\/www.autoescolalira.com.br\/site\/wp-json\/wp\/v2\/pages\/89\/revisions"}],"predecessor-version":[{"id":1159,"href":"https:\/\/www.autoescolalira.com.br\/site\/wp-json\/wp\/v2\/pages\/89\/revisions\/1159"}],"up":[{"embeddable":true,"href":"https:\/\/www.autoescolalira.com.br\/site\/wp-json\/wp\/v2\/pages\/52"}],"wp:attachment":[{"href":"https:\/\/www.autoescolalira.com.br\/site\/wp-json\/wp\/v2\/media?parent=89"}],"curies":[{"name":"wp","href":"https:\/\/api.w.org\/{rel}","templated":true}]}}